{"id":251,"date":"2012-07-13T20:00:39","date_gmt":"2012-07-13T18:00:39","guid":{"rendered":"http:\/\/rubbeldidup.net\/blog\/?page_id=251"},"modified":"2018-05-20T16:16:48","modified_gmt":"2018-05-20T14:16:48","slug":"nordisland","status":"publish","type":"page","link":"https:\/\/rubbeldidup.net\/blog\/?page_id=251","title":{"rendered":"Nor\u00f0ur \u00cdsland"},"content":{"rendered":"<h4><strong>Nor\u00f0ur \u00cdsland &#8211; Nordisland<\/strong><\/h4>\n<p><strong>10.06.2012 &#8211; Der Norden ruft&#8230;<\/strong><\/p>\n<div class=\"gdl-image-frame shortcode-image-left\" style=\"max-width: 100%; float: left; width: 200px; height: 133px;\"><a title=\"Unterwegs im Osten\" href=\"http:\/\/rubbeldidup.net\/blog\/wp-content\/uploads\/2012\/07\/north_1.jpg\" data-rel=\"prettyPhoto\"><img style=\"width: 200px; height: 133px;\" src=\"http:\/\/rubbeldidup.net\/blog\/wp-content\/uploads\/2012\/07\/north_1thb.jpg\" alt=\"\" \/><\/a><\/div>\n<p>Nachdem wir das Ferienhaus geputzt und den Wagen beladen hatten ging es auf die ca. 720 Km lange Strecke zu unserem n\u00f6rdlichen Ferienhaus. Unser Weg f\u00fchrte dabei noch einmal am J\u00f6kuls\u00e1rl\u00f3n vorbei aber leider war das Wetter fast genau so wie zwei Tage vorher. Dadurch das der Wind auch nicht mehr so stark war lag am Strand wesentlich weniger Eis. Die eine oder andere Fotopause sp\u00e4ter und einem Mittagessen in H\u00f6fn ging es weiter \u00fcber ungeteerte Teilst\u00fccke der Ringstra\u00dfe in das Nord-\u00d6stliche Hochland. Durch den aufkommenden Nebel und die tief stehende Sonne ergaben sich teils einzigartige Lichtstimmungen die man so fast unm\u00f6glich in einem Foto transportieren kann.<\/p>\n<div class=\"gdl-image-frame shortcode-image-left\" style=\"max-width: 100%; float: left; width: 200px; height: 133px;\"><a title=\"Lost in Iceland\" href=\"http:\/\/rubbeldidup.net\/blog\/wp-content\/uploads\/2012\/07\/north_2.jpg\" data-rel=\"prettyPhoto\"><img style=\"width: 200px; height: 133px;\" src=\"http:\/\/rubbeldidup.net\/blog\/wp-content\/uploads\/2012\/07\/north_2thb.jpg\" alt=\"\" \/><\/a><\/div>\n<p>Irgendwann meldete sich dann der Eiswarner des Autos und bei einem kurzen Foto-Stop in einer Steinw\u00fcste merkten wir das auch, 1 Grad und schneidender Wind *brrr* Richtung M\u00fdvatn kamen wir wieder in tieferes Gel\u00e4nde und in Hverar\u00f6nd beim Pass <a title=\"N\u00e1maskar\u00f0\" href=\"http:\/\/de.wikipedia.org\/wiki\/N%C3%A1maskar%C3%B0\" target=\"_blank\">N\u00e1maskar\u00f0<\/a> (<a title=\"N\u00e1mafjall\" href=\"http:\/\/de.wikipedia.org\/wiki\/N%C3%A1mafjall\" target=\"_blank\">N\u00e1mafjall<\/a>) nutzen wir die Chance die Solfataren und Fumarolen ohne weitere Touristen fotografieren zu k\u00f6nnen den mittlerweile war es bereits 24:00 geworden. Am <a title=\"M\u00fdvatn\" href=\"http:\/\/de.wikipedia.org\/wiki\/M%C3%BDvatn\" target=\"_blank\">M\u00fdvatn<\/a> vorbeifahrend ging es weiter bis zum Go\u00f0afoss an dem die F842 zu unserem Ferienhaus Richtung Engi\u00a0 f\u00fchrte. Die &#8222;Stra\u00dfe&#8220; erwies sich dann als 28 Km Schotterpiste so dass wir schlussendlich nach 16 Stunden um 2:00 Uhr morgens endlich im Ferienhaus &#8222;Engi B\u00e1r\u00f0ardalur&#8220; ankamen.<\/p>\n<p>&nbsp;<\/p>\n<p><strong>11.06.2012 &#8211; (fast ein) Ruhetag&#8230;<\/strong><\/p>\n<div class=\"gdl-image-frame shortcode-image-left\" style=\"max-width: 100%; float: left; width: 200px; height: 133px;\"><a title=\"Go\u00f0afoss\" href=\"http:\/\/rubbeldidup.net\/blog\/wp-content\/uploads\/2012\/07\/north_3.jpg\" data-rel=\"prettyPhoto\"><img style=\"width: 200px; height: 133px;\" src=\"http:\/\/rubbeldidup.net\/blog\/wp-content\/uploads\/2012\/07\/north_3thb.jpg\" alt=\"\" \/><\/a><\/div>\n<p>Nach einem ausgedehnten Fr\u00fchst\u00fcck auf der Terrasse war der <a title=\"Go\u00f0afoss\" href=\"http:\/\/de.wikipedia.org\/wiki\/Go%C3%B0afoss\" target=\"_blank\">Go\u00f0afoss<\/a> unsere erste Anlaufstelle. Dazu ging es dann wieder \u00fcber besagte Schotterpiste und sp\u00e4testens hier waren wir froh \u00fcber den Gel\u00e4ndewagen. Bei der ersten Fahrt noch z\u00f6gerlich unterwegs gaben wir heute Gas und fuhren 70 bis zu den erlaubten 80Km\/h. Das machte die Fahrt deutlich angenehmer da man nicht jedes kleine Schlagloch durchf\u00e4hrt. Nach einer Fotorunde am Go\u00f0afoss ging es weiter nach <a title=\"Akureyri\" href=\"http:\/\/de.wikipedia.org\/wiki\/Akureyri\" target=\"_blank\">Akureyri<\/a> und einem dortigen Siminn-Shop. Wie wohl \u00fcberall auf der Welt war der Verk\u00e4ufer sehr nett und vollkommen Ahnungslos&#8230; Dennoch konnten wir am Ende erfolgreich mit einer 3G SIM-Karte von dannen ziehen. Nebenbei bemerkt, wer nur mal seine Emails lesen m\u00f6chte ben\u00f6tigt nicht unbedingt eine isl\u00e4ndische SIM-Karte f\u00fcr das Internet, viele Cafes und Restaurants haben einen offenen WLan-Hotspot. Im Touristenzentrum kann man sich \u00fcbrigens mit ausgezeichnetem Infomaterial eindecken wodurch unser Auto spontan zur fahrenden Bibliothek mutierte &#8222;Lost in Reisef\u00fchrer&#8220;<\/p>\n<div class=\"gdl-image-frame shortcode-image-left\" style=\"max-width: 100%; float: left; width: 200px; height: 133px;\"><a title=\"H\u00fasav\u00edk\" href=\"http:\/\/rubbeldidup.net\/blog\/wp-content\/uploads\/2012\/07\/north_4.jpg\" data-rel=\"prettyPhoto\"><img style=\"width: 200px; height: 133px;\" src=\"http:\/\/rubbeldidup.net\/blog\/wp-content\/uploads\/2012\/07\/north_4thb.jpg\" alt=\"\" \/><\/a><\/div>\n<p>Zum Abschlu\u00df des Tages besuchten wir noch kurz die Hafenstadt <a title=\"H\u00fasav\u00edk\" href=\"http:\/\/de.wikipedia.org\/wiki\/H%C3%BAsav%C3%ADk\" target=\"_blank\">H\u00fasav\u00edk<\/a>. Eigentlich hatten wir geplant noch einmal Hverar\u00f6nd bei Sonnenschein zu besuchen aber die Sonne war bereits hinter ein paar Bergen verschwunden. Nach einem kurzen Abstecher zum <a title=\"V\u00edti \" href=\"http:\/\/de.wikipedia.org\/wiki\/V%C3%ADti_%28Krafla%29\" target=\"_blank\">V\u00edti<\/a> ging es zur\u00fcck zum Ferienhaus. Durch die tief stehende Sonne haben wir dann eine Abzweigung verpasst und es erst gemerkt als wir fast wieder in H\u00fasav\u00edk waren ^^<\/p>\n<p>&nbsp;<\/p>\n<p><strong>12.06.2012 &#8211; Whale nine o&#8217;Clock<br \/>\n<\/strong><\/p>\n<div class=\"gdl-image-frame shortcode-image-left\" style=\"max-width: 100%; float: left; width: 200px; height: 133px;\"><a title=\"Aldeyjarfoss\" href=\"http:\/\/rubbeldidup.net\/blog\/wp-content\/uploads\/2012\/07\/north_5.jpg\" data-rel=\"prettyPhoto\"><img style=\"width: 200px; height: 133px;\" src=\"http:\/\/rubbeldidup.net\/blog\/wp-content\/uploads\/2012\/07\/north_5thb.jpg\" alt=\"\" \/><\/a><\/div>\n<p>Am darauf folgenden Morgen ging es erst einmal in die entgegengesetzte Richtung zum <a title=\"Aldeyjarfoss\" href=\"http:\/\/de.wikipedia.org\/wiki\/Aldeyjarfoss\" target=\"_blank\">Aldeyjarfoss<\/a> und damit auch gleichzeitig zum n\u00f6rdlichen Anfang (oder Ende) der <a title=\"Sprengisandur\" href=\"http:\/\/de.wikipedia.org\/wiki\/Sprengisandur\" target=\"_blank\">Sprengisandur<\/a> die zu unserem gro\u00dfen bedauern noch gesperrt war. Wer auch das Hochland besuchen m\u00f6chte sollte seinen Urlaub zu einer sp\u00e4teren Jahreszeit planen da viele Pisten in der Regel nicht vor dem 1. Juli, teilweise sogar erst Mitte Juli, ge\u00f6ffnet werden.<\/p>\n<p>&nbsp;<\/p>\n<p>Das Cafe am Go\u00f0afoss nutzten wir dann f\u00fcr eine kurze Pause. Neben dem \u00fcblichen Touristen-Nippes gibt es dort auch einen Shop mit handgestrickten Wollsachen aus der Umgebung. Der Pullover von Astrid stammte beispielsweise von der B\u00e4uerin des dritten Hofes auf der 843.<\/p>\n<div class=\"gdl-image-frame shortcode-image-left\" style=\"max-width: 100%; float: left; width: 200px; height: 133px;\"><a title=\"Die Wellen sehen hier so harmlos aus...\" href=\"http:\/\/rubbeldidup.net\/blog\/wp-content\/uploads\/2012\/07\/north_6.jpg\" data-rel=\"prettyPhoto\"><img style=\"width: 200px; height: 133px;\" src=\"http:\/\/rubbeldidup.net\/blog\/wp-content\/uploads\/2012\/07\/north_6thb.jpg\" alt=\"\" \/><\/a><\/div>\n<p>Dann ging es erneut nach H\u00fasav\u00edk da es gestern schon zu sp\u00e4t f\u00fcr <a title=\"Whale Watching\" href=\"http:\/\/www.gentlegiants.is\/home\/\" target=\"_blank\">Whale Watching<\/a> war. Heute hatten wir st\u00e4rkeren Wellengang, daher konnte ich auch direkt testen ob ich einen empfindlichen Magen habe. Die Reisetablette die man mir anbot habe ich aber sicherheitshalber doch genommen.. Wenn ihr auch so eine Tour machen wollt zieht auf jeden Fall warme Kleidung an. Man bekommt zwar Overalls vom Anbieter gestellt aber bei der gut dreist\u00fcndigen Tour k\u00fchlt man doch schnell aus. W\u00e4hrend der Sicherheitseinweisung und Informationen \u00fcber die Wale tuckerten wir langsam auf das Meer raus und schon nach relativ kurzer Zeit kam der Ruf &#8222;Whale nine o&#8217;Clock, nine o&#8217;Clock&#8220; Das war dann aber auch das einzige mal das wir einen Wal aus dieser N\u00e4he sehen k\u00f6nnten. Der Rest der Tour gab es diese dann nur noch in weiter Ferne und dazu ein paar M\u00f6wen und Papageientaucher. Ersatzweise haben wir dann als Orangeblaue Michelin-M\u00e4nnchen ein bisschen Traumschiff gespielt und bei sch\u00f6nstem Sonnenschein die Seele baumeln lassen. Durch den Seegang waren die Wale auch relativ schwer erkennbar, ich vermute das bei glatter See die Chancen h\u00f6her sind. Nach einem typisch isl\u00e4ndischen Abendessen (Burger mit Fritten) und einem wunderbaren Ausblick auf den Hafen fuhren wir zur\u00fcck und ausnahmsweise waren wir einmal zu einer zivilen Uhrzeit im Bett.<\/p>\n<p>&nbsp;<\/p>\n<p><strong>13.06.2012 &#8211; Mach flott den Schrott&#8230;<br \/>\n<\/strong><\/p>\n<div class=\"gdl-image-frame shortcode-image-left\" style=\"max-width: 100%; float: left; width: 200px; height: 133px;\"><a title=\"Samg\u00f6nguminjasafni\u00f0 Ystafelli\" href=\"http:\/\/rubbeldidup.net\/blog\/wp-content\/uploads\/2012\/07\/north_7.jpg\" data-rel=\"prettyPhoto\"><img style=\"width: 200px; height: 133px;\" src=\"http:\/\/rubbeldidup.net\/blog\/wp-content\/uploads\/2012\/07\/north_7thb.jpg\" alt=\"\" \/><\/a><\/div>\n<p>Als festes Ziel hatten wir heute nur den Dettifoss. Astrid wollte zwar eine Rundflug machen aber der Veranstalter hatte sich weder auf die telefonische noch auf die Email-Anfrage gemeldet. Auf dem Weg kamen wir wieder einmal am <a title=\"Samg\u00f6nguminjasafni\u00f0 Ystafelli \" href=\"http:\/\/www.ystafell.is\/default.asp?Sid_Id=31152&amp;tId=2&amp;Tre_Rod=002|&amp;qsr\" target=\"_blank\">Samg\u00f6nguminjasafni\u00f0 Ystafelli<\/a> vorbei dem wir dann auch einen Besuch abstatteten. Diese Museum ist auf jeden Fall einen Ausflug wert! Die gem\u00fctliche Atmosph\u00e4re, die teils ungew\u00f6hnlichen Fahrzeuge quer durch die Geschichte und nicht zuletzt der fotografisch Interessante &#8222;Schrottplatz&#8220; inklusive Schmusekatze.<\/p>\n<p>Die weitere Strecke f\u00fchrte automatisch am kleinen Flugplatz der Gegend vorbei so dass sich Astrid nach dem Flug erkundigen wollte und zuf\u00e4llig sollte bereits 5 Minuten sp\u00e4ter die n\u00e4chste Tour starten. W\u00e4hrend Astrid also ihren einst\u00fcndigen Rundflug unternahm nutzen wir die Chance uns mit Lebensmitteln einzudecken.<\/p>\n<div class=\"gdl-image-frame shortcode-image-left\" style=\"max-width: 100%; float: left; width: 200px; height: 133px;\"><a title=\"Dettifoss\" href=\"http:\/\/rubbeldidup.net\/blog\/wp-content\/uploads\/2012\/07\/north_8.jpg\" data-rel=\"prettyPhoto\"><img style=\"width: 200px; height: 133px;\" src=\"http:\/\/rubbeldidup.net\/blog\/wp-content\/uploads\/2012\/07\/north_8thb.jpg\" alt=\"\" \/><\/a><\/div>\n<p>Die Stra\u00dfe zur\u00a0Westseite des\u00a0<a title=\"Dettifoss\" href=\"http:\/\/de.wikipedia.org\/wiki\/Dettifoss\" target=\"_blank\">Dettifoss<\/a> wird immer als Schlaglochpiste beschrieben. Dies hat sich mittlerweile ge\u00e4ndert und die Strecke ist bestens geteert. So eindrucksvoll das Naturschauspiel auch ist fand ich diesen Wasserfall aus fotografischer Sicht nicht so reizvoll. Es kann auch sein das es daran lag das man wegen der Gicht nicht n\u00e4her rangehen konnte beziehungsweise wir bei der Windrichtung auf der falschen Seite waren. Der Wasserfall selbst, besonders wenn man direkt am Rand steht, ist aber mehr als imposant.<\/p>\n<p>Auf dem R\u00fcckweg schafften wir es dann einerseits endlich Hverar\u00f6nd im Sonnenschein zu besuchen und andererseits schon wieder an der Abzweigung vorbei in Richtung&#8230; genau, H\u00fasav\u00edk zu fahren. Wieder einmal zu wenig Schlaf vor der Weiterfahrt in den <a title=\"Westen\" href=\"http:\/\/rubbeldidup.net\/blog\/?page_id=231\">Westen<\/a>.<\/p>\n","protected":false},"excerpt":{"rendered":"<p>Nor\u00f0ur \u00cdsland &#8211; Nordisland 10.06.2012 &#8211; Der Norden ruft&#8230; Nachdem wir das Ferienhaus geputzt und den Wagen beladen hatten ging es auf die ca. 720 Km lange Strecke zu unserem n\u00f6rdlichen Ferienhaus. Unser Weg f\u00fchrte dabei noch einmal am J\u00f6kuls\u00e1rl\u00f3n vorbei aber leider war das Wetter fast genau so wie zwei Tage vorher. Dadurch das der Wind auch nicht mehr so stark war lag am Strand wesentlich weniger Eis. Die eine oder andere Fotopause sp\u00e4ter und einem Mittagessen in H\u00f6fn ging es weiter \u00fcber ungeteerte Teilst\u00fccke der Ringstra\u00dfe in das Nord-\u00d6stliche Hochland. Durch den aufkommenden Nebel und die tief stehende Sonne ergaben sich teils einzigartige Lichtstimmungen die man so fast unm\u00f6glich in einem Foto transportieren kann. Irgendwann meldete sich dann der Eiswarner des Autos und bei einem kurzen Foto-Stop in einer Steinw\u00fcste merkten wir das auch, 1 Grad und schneidender Wind *brrr* Richtung M\u00fdvatn kamen wir wieder in tieferes Gel\u00e4nde und in Hverar\u00f6nd beim Pass N\u00e1maskar\u00f0 (N\u00e1mafjall) nutzen wir die Chance die Solfataren und Fumarolen ohne weitere Touristen fotografieren zu k\u00f6nnen den mittlerweile war es bereits 24:00 geworden. Am M\u00fdvatn vorbeifahrend ging es weiter bis zum Go\u00f0afoss an dem die F842 zu unserem Ferienhaus Richtung Engi\u00a0 f\u00fchrte. Die &#8222;Stra\u00dfe&#8220; erwies sich dann als 28 Km Schotterpiste so dass wir schlussendlich nach 16 Stunden um 2:00 Uhr morgens endlich im Ferienhaus &#8222;Engi B\u00e1r\u00f0ardalur&#8220; ankamen. &nbsp; 11.06.2012 &#8211; (fast ein) Ruhetag&#8230; Nach einem ausgedehnten Fr\u00fchst\u00fcck auf der Terrasse war der Go\u00f0afoss unsere erste Anlaufstelle. Dazu ging es dann wieder \u00fcber besagte Schotterpiste und sp\u00e4testens hier waren wir froh \u00fcber den Gel\u00e4ndewagen. Bei der ersten Fahrt noch z\u00f6gerlich unterwegs gaben wir heute Gas und fuhren 70 bis zu den erlaubten 80Km\/h. Das machte die Fahrt deutlich angenehmer da man nicht jedes kleine Schlagloch durchf\u00e4hrt. Nach einer Fotorunde am Go\u00f0afoss ging es weiter nach Akureyri und einem dortigen Siminn-Shop. Wie wohl \u00fcberall auf der Welt war der Verk\u00e4ufer sehr nett und vollkommen Ahnungslos&#8230; Dennoch konnten wir am Ende erfolgreich mit einer 3G SIM-Karte von dannen ziehen. Nebenbei bemerkt, wer nur mal seine Emails lesen m\u00f6chte ben\u00f6tigt nicht unbedingt eine isl\u00e4ndische SIM-Karte f\u00fcr das Internet, viele Cafes und Restaurants haben einen offenen WLan-Hotspot. Im Touristenzentrum kann man sich \u00fcbrigens mit ausgezeichnetem Infomaterial eindecken wodurch unser Auto spontan zur fahrenden Bibliothek mutierte &#8222;Lost in Reisef\u00fchrer&#8220; Zum Abschlu\u00df des Tages besuchten wir noch kurz die Hafenstadt H\u00fasav\u00edk. Eigentlich hatten wir geplant noch einmal Hverar\u00f6nd bei Sonnenschein zu besuchen aber die Sonne war bereits hinter ein paar Bergen verschwunden. Nach einem kurzen Abstecher zum V\u00edti ging es zur\u00fcck zum Ferienhaus. Durch die tief stehende Sonne haben wir dann eine Abzweigung verpasst und es erst gemerkt als wir fast wieder in H\u00fasav\u00edk waren ^^ &nbsp; 12.06.2012 &#8211; Whale nine o&#8217;Clock Am darauf folgenden Morgen ging es erst einmal in die entgegengesetzte Richtung zum Aldeyjarfoss und damit auch gleichzeitig zum n\u00f6rdlichen Anfang (oder Ende) der Sprengisandur die zu unserem gro\u00dfen bedauern noch gesperrt war. Wer auch das Hochland besuchen m\u00f6chte sollte seinen Urlaub zu einer sp\u00e4teren Jahreszeit planen da viele Pisten in der Regel nicht vor dem 1. Juli, teilweise sogar erst Mitte Juli, ge\u00f6ffnet werden. &nbsp; Das Cafe am Go\u00f0afoss nutzten wir dann f\u00fcr eine kurze Pause. Neben dem \u00fcblichen Touristen-Nippes gibt es dort auch einen Shop mit handgestrickten Wollsachen aus der Umgebung. Der Pullover von Astrid stammte beispielsweise von der B\u00e4uerin des dritten Hofes auf der 843. Dann ging es erneut nach H\u00fasav\u00edk da es gestern schon zu sp\u00e4t f\u00fcr Whale Watching war. Heute hatten wir st\u00e4rkeren Wellengang, daher konnte ich auch direkt testen ob ich einen empfindlichen Magen habe. Die Reisetablette die man mir anbot habe ich aber sicherheitshalber doch genommen.. Wenn ihr auch so eine Tour machen wollt zieht auf jeden Fall warme Kleidung an. Man bekommt zwar Overalls vom Anbieter gestellt aber bei der gut dreist\u00fcndigen Tour k\u00fchlt man doch schnell aus. W\u00e4hrend der Sicherheitseinweisung und Informationen \u00fcber die Wale tuckerten wir langsam auf das Meer raus und schon nach relativ kurzer Zeit kam der Ruf &#8222;Whale nine o&#8217;Clock, nine o&#8217;Clock&#8220; Das war dann aber auch das einzige mal das wir einen Wal aus dieser N\u00e4he sehen k\u00f6nnten. Der Rest der Tour gab es diese dann nur noch in weiter Ferne und dazu ein paar M\u00f6wen und Papageientaucher. Ersatzweise haben wir dann als Orangeblaue Michelin-M\u00e4nnchen ein bisschen Traumschiff gespielt und bei sch\u00f6nstem Sonnenschein die Seele baumeln lassen. Durch den Seegang waren die Wale auch relativ schwer erkennbar, ich vermute das bei glatter See die Chancen h\u00f6her sind. Nach einem typisch isl\u00e4ndischen Abendessen (Burger mit Fritten) und einem wunderbaren Ausblick auf den Hafen fuhren wir zur\u00fcck und ausnahmsweise waren wir einmal zu einer zivilen Uhrzeit im Bett. &nbsp; 13.06.2012 &#8211; Mach flott den Schrott&#8230; Als festes Ziel hatten wir heute nur den Dettifoss. Astrid wollte zwar eine Rundflug machen aber der Veranstalter hatte sich weder auf die telefonische noch auf die Email-Anfrage gemeldet. Auf dem Weg kamen wir wieder einmal am Samg\u00f6nguminjasafni\u00f0 Ystafelli vorbei dem wir dann auch einen Besuch abstatteten. Diese Museum ist auf jeden Fall einen Ausflug wert! Die gem\u00fctliche Atmosph\u00e4re, die teils ungew\u00f6hnlichen Fahrzeuge quer durch die Geschichte und nicht zuletzt der fotografisch Interessante &#8222;Schrottplatz&#8220; inklusive Schmusekatze. Die weitere Strecke f\u00fchrte automatisch am kleinen Flugplatz der Gegend vorbei so dass sich Astrid nach dem Flug erkundigen wollte und zuf\u00e4llig sollte bereits 5 Minuten sp\u00e4ter die n\u00e4chste Tour starten. W\u00e4hrend Astrid also ihren einst\u00fcndigen Rundflug unternahm nutzen wir die Chance uns mit Lebensmitteln einzudecken. Die Stra\u00dfe zur\u00a0Westseite des\u00a0Dettifoss wird immer als Schlaglochpiste beschrieben. Dies hat sich mittlerweile ge\u00e4ndert und die Strecke ist bestens geteert. So eindrucksvoll das Naturschauspiel auch ist fand ich diesen Wasserfall aus fotografischer Sicht nicht so reizvoll. Es kann auch sein das es daran lag das man wegen der Gicht nicht n\u00e4her rangehen konnte beziehungsweise wir bei der Windrichtung auf der falschen Seite waren. Der Wasserfall selbst, besonders wenn man direkt am Rand steht, ist aber mehr als imposant. Auf dem R\u00fcckweg schafften wir es dann einerseits endlich Hverar\u00f6nd im Sonnenschein zu besuchen und andererseits schon wieder an der Abzweigung vorbei [&hellip;]<\/p>\n","protected":false},"author":3,"featured_media":689,"parent":182,"menu_order":5,"comment_status":"closed","ping_status":"closed","template":"","meta":[],"_links":{"self":[{"href":"https:\/\/rubbeldidup.net\/blog\/index.php?rest_route=\/wp\/v2\/pages\/251"}],"collection":[{"href":"https:\/\/rubbeldidup.net\/blog\/index.php?rest_route=\/wp\/v2\/pages"}],"about":[{"href":"https:\/\/rubbeldidup.net\/blog\/index.php?rest_route=\/wp\/v2\/types\/page"}],"author":[{"embeddable":true,"href":"https:\/\/rubbeldidup.net\/blog\/index.php?rest_route=\/wp\/v2\/users\/3"}],"replies":[{"embeddable":true,"href":"https:\/\/rubbeldidup.net\/blog\/index.php?rest_route=%2Fwp%2Fv2%2Fcomments&post=251"}],"version-history":[{"count":115,"href":"https:\/\/rubbeldidup.net\/blog\/index.php?rest_route=\/wp\/v2\/pages\/251\/revisions"}],"predecessor-version":[{"id":563,"href":"https:\/\/rubbeldidup.net\/blog\/index.php?rest_route=\/wp\/v2\/pages\/251\/revisions\/563"}],"up":[{"embeddable":true,"href":"https:\/\/rubbeldidup.net\/blog\/index.php?rest_route=\/wp\/v2\/pages\/182"}],"wp:featuredmedia":[{"embeddable":true,"href":"https:\/\/rubbeldidup.net\/blog\/index.php?rest_route=\/wp\/v2\/media\/689"}],"wp:attachment":[{"href":"https:\/\/rubbeldidup.net\/blog\/index.php?rest_route=%2Fwp%2Fv2%2Fmedia&parent=251"}],"curies":[{"name":"wp","href":"https:\/\/api.w.org\/{rel}","templated":true}]}}